{"id":12,"date":"2010-06-17T08:48:18","date_gmt":"2010-06-17T08:48:18","guid":{"rendered":"http:\/\/www.laxtest.de\/?page_id=12"},"modified":"2021-03-11T12:58:35","modified_gmt":"2021-03-11T12:58:35","slug":"infos-tipps","status":"publish","type":"page","link":"https:\/\/www.vuhd.de\/?page_id=12","title":{"rendered":"Unfallhilfe"},"content":{"rendered":"<p><strong>Tipps zum Verhalten bei einem Unfall oder einer Panne<\/strong><\/p>\n<p>Hier haben wir einige Tipps f\u00fcr Sie bereitgestellt, die wir f\u00fcr hilfreich erachten.<\/p>\n<table id=\"table1\" width=\"100%\" border=\"0\">\n<tbody>\n<tr>\n<td width=\"1%\" valign=\"top\"><strong> <span style=\"color: #ff0000;\"> &#8211;<\/span><\/strong><\/td>\n<td width=\"98%\">Haben Sie eine Panne oder einen Unfall, halten Sie m\u00f6glichst nicht auf der Fahrbahn! Versuchen Sie, mit dem Fahrzeug die Fahrbahn zu verlassen (z. B. Parkplatz). Auf der Autobahn empfiehlt sich eine Nothaltebucht, mindestens jedoch der Stand-\/Pannenstreifen.<\/td>\n<\/tr>\n<\/tbody>\n<\/table>\n<table id=\"table2\" width=\"100%\" border=\"0\">\n<tbody>\n<tr>\n<td width=\"6%\"><\/td>\n<td width=\"8%\" valign=\"top\"><span style=\"color: #ff0000;\">Warum?<\/span><\/td>\n<td width=\"86%\"><span style=\"color: #008000;\">Ein liegengebliebenes Fahrzeug stellt ein Hindernis und somit eine Gefahr dar!<\/span><\/td>\n<\/tr>\n<\/tbody>\n<\/table>\n<table id=\"table3\" width=\"100%\" border=\"0\">\n<tbody>\n<tr>\n<td width=\"1%\" valign=\"top\"><strong><span style=\"color: #ff0000;\"> &#8211;<\/span><\/strong><\/td>\n<td width=\"98%\">Bei einem Unfall sollten Sie und Ihre Beifahrer unverz\u00fcglich das Fahrzeug verlassen und sich hinter die evtl. vorhandene Leitplanke begeben.<\/td>\n<\/tr>\n<\/tbody>\n<\/table>\n<table id=\"table4\" width=\"100%\" border=\"0\">\n<tbody>\n<tr>\n<td width=\"6%\"><\/td>\n<td width=\"8%\" valign=\"top\"><span style=\"color: #ff0000;\">Warum?<\/span><\/td>\n<td width=\"86%\"><span style=\"color: #008000;\">Bleiben Sie in Ihrem Fahrzeug sitzen und es f\u00e4hrt ein anderes Fahrzeug auf Ihr stehendes Fahrzeug auf, k\u00f6nnen Sie eingeklemmt und schwer verletzt werden.<\/span><\/td>\n<\/tr>\n<\/tbody>\n<\/table>\n<table id=\"table5\" width=\"100%\" border=\"0\">\n<tbody>\n<tr>\n<td width=\"1%\" valign=\"top\"><strong> <span style=\"color: #ff0000;\">&#8211;<\/span><\/strong><\/td>\n<td width=\"98%\">Bevor Sie das Fahrzeug verlassen, beobachten Sie den r\u00fcckw\u00e4rtigen Verkehr.<\/td>\n<\/tr>\n<\/tbody>\n<\/table>\n<table id=\"table6\" width=\"100%\" border=\"0\">\n<tbody>\n<tr>\n<td width=\"6%\"><\/td>\n<td width=\"8%\" valign=\"top\"><span style=\"color: #ff0000;\">Warum?<\/span><\/td>\n<td width=\"86%\"><span style=\"color: #008000;\">Durch das pl\u00f6tzliche \u00d6ffnen der T\u00fcr und das Aussteigen k\u00f6nnen Sie sich und die anderen Verkehrsteilnehmer weiteren Gefahren aussetzen (abruptes, pl\u00f6tzliches Bremsen und Ausweichen).<\/span><\/td>\n<\/tr>\n<\/tbody>\n<\/table>\n<table id=\"table7\" width=\"100%\" border=\"0\">\n<tbody>\n<tr>\n<td width=\"1%\" valign=\"top\"><strong> <span style=\"color: #ff0000;\">&#8211;<\/span><\/strong><\/td>\n<td width=\"98%\">Sichern Sie Ihr Fahrzeug ab durch Einschalten der Warnblinkanlage und Aufstellen des Warndreiecks (150 Meter vor dem liegengebliebenen Fahrzeug!).<\/td>\n<\/tr>\n<\/tbody>\n<\/table>\n<table id=\"table8\" width=\"100%\" border=\"0\">\n<tbody>\n<tr>\n<td width=\"6%\"><\/td>\n<td width=\"8%\" valign=\"top\"><span style=\"color: #ff0000;\">Warum?<\/span><\/td>\n<td width=\"86%\"><span style=\"color: #008000;\">Durch ein liegengebliebendes Fahrzeug geht eine Gefahr aus: Das Auto kann zu sp\u00e4t gesehen werden oder stellt ein Hindernis dar. Machen Sie auf Ihr Fahrzeug aufmerksam!<\/span><\/td>\n<\/tr>\n<\/tbody>\n<\/table>\n<table id=\"table9\" width=\"100%\" border=\"0\">\n<tbody>\n<tr>\n<td width=\"1%\" valign=\"top\"><strong><span style=\"color: #ff0000;\">&#8211;<\/span><\/strong><\/td>\n<td width=\"98%\">Vermeiden Sie es, \u00fcber die Fahrbahn zu gehen.<\/td>\n<\/tr>\n<\/tbody>\n<\/table>\n<table id=\"table10\" width=\"100%\" border=\"0\">\n<tbody>\n<tr>\n<td width=\"6%\"><\/td>\n<td width=\"8%\" valign=\"top\"><span style=\"color: #ff0000;\">Warum?<\/span><\/td>\n<td width=\"86%\"><span style=\"color: #008000;\">Sie k\u00f6nnen von anderen Fahrzeugen (mit teilweise hohen Geschwindigkeiten) zu sp\u00e4t bemerkt werden und angefahren werden!<\/span><\/td>\n<\/tr>\n<\/tbody>\n<\/table>\n<table id=\"table11\" width=\"100%\" border=\"0\">\n<tbody>\n<tr>\n<td width=\"1%\" valign=\"top\"><strong><span style=\"color: #ff0000;\">&#8211;<\/span><\/strong><\/td>\n<td width=\"98%\">Beobachten Sie immer den Verkehr.<\/td>\n<\/tr>\n<\/tbody>\n<\/table>\n<table id=\"table12\" width=\"100%\" border=\"0\">\n<tbody>\n<tr>\n<td width=\"6%\"><\/td>\n<td width=\"8%\" valign=\"top\"><span style=\"color: #ff0000;\">Warum?<\/span><\/td>\n<td width=\"86%\"><span style=\"color: #008000;\">Sie k\u00f6nnen ein anderes Fahrzeug fr\u00fcher bemerken (und ggf. darauf reagieren), als Sie von einem anderen Fahrzeug-F\u00fchrer bemerkt werden. So minimieren Sie die Gefahr, angefahren zu werden!<\/span><\/td>\n<\/tr>\n<\/tbody>\n<\/table>\n<table id=\"table13\" width=\"100%\" border=\"0\">\n<tbody>\n<tr>\n<td width=\"1%\" valign=\"top\"><strong> <span style=\"color: #ff0000;\">&#8211;<\/span><\/strong><\/td>\n<td width=\"98%\">Rufen Sie erst Hilfe, wenn Sie sich und Ihre Beifahrer in Sicherheit gebracht haben.<\/td>\n<\/tr>\n<\/tbody>\n<\/table>\n<table id=\"table14\" width=\"100%\" border=\"0\">\n<tbody>\n<tr>\n<td width=\"6%\"><\/td>\n<td width=\"8%\" valign=\"top\"><span style=\"color: #ff0000;\">Warum?<\/span><\/td>\n<td width=\"86%\"><span style=\"color: #008000;\">Mit Verbleiben im Fahrzeug oder auf der Fahrbahn gef\u00e4hrden Sie sich und andere!<\/span><\/td>\n<\/tr>\n<\/tbody>\n<\/table>\n<table id=\"table15\" width=\"100%\" border=\"0\">\n<tbody>\n<tr>\n<td width=\"1%\" valign=\"top\"><strong> <span style=\"color: #ff0000;\">&#8211;<\/span><\/strong><\/td>\n<td width=\"98%\">Merken Sie sich Stra\u00dfennummer\/Stra\u00dfenname, Fahrtrichtung, die letzten Orte und Ausfahrten und Besonderheiten.<\/td>\n<\/tr>\n<\/tbody>\n<\/table>\n<table id=\"table16\" width=\"100%\" border=\"0\">\n<tbody>\n<tr>\n<td width=\"6%\"><\/td>\n<td width=\"8%\" valign=\"top\"><span style=\"color: #ff0000;\">Warum?<\/span><\/td>\n<td width=\"86%\"><span style=\"color: #008000;\">Es gibt kaum Schlimmeres als um Hilfe zu bitten und nicht zu wissen, wo genau man sich befindet, wenn man diese ben\u00f6tigt! Polizei, Rettungsdienste, Feuerwehr und Pannenhilfsdienst k\u00f6nnen nicht alle Stra\u00dfen und Autobahnen absuchen. KM-Angaben auf Autobahnen sind alle 500 Meter vorhanden. Achten Sie auf Besonderheiten an oder neben der Stra\u00dfe (z.B. Br\u00fccken, Tunnel, Parkpl\u00e4tze, Rastst\u00e4tten, usw.).<\/span><\/td>\n<\/tr>\n<\/tbody>\n<\/table>\n<table id=\"table17\" width=\"100%\" border=\"0\">\n<tbody>\n<tr>\n<td rowspan=\"2\" width=\"1%\" valign=\"top\"><strong> <span style=\"color: #ff0000;\">&#8211;<\/span><\/strong><\/td>\n<td colspan=\"3\" width=\"83%\">Wenn Sie kein Handy griffbereit haben, suchen Sie die n\u00e4chste Notrufs\u00e4ule.<\/td>\n<td rowspan=\"2\" width=\"15%\"><span style=\"color: #008000;\"> <img loading=\"lazy\" decoding=\"async\" class=\"alignnone size-thumbnail wp-image-149\" title=\"pfosten\" src=\"\/wp-content\/uploads\/2010\/06\/pfosten-150x150.gif\" alt=\"\" width=\"150\" height=\"150\"><\/span><\/td>\n<\/tr>\n<tr>\n<td width=\"4%\"><\/td>\n<td width=\"8%\" valign=\"top\"><span style=\"color: #ff0000;\"> Wie?<\/span><\/td>\n<td width=\"71%\"><span style=\"color: #008000;\">Auf den Leitpfosten (Bild 1) sind Pfeile angebracht, die in Richtung der n\u00e4chstgelegenen Notrufs\u00e4ule zeigen.<\/span><\/td>\n<\/tr>\n<\/tbody>\n<\/table>\n<table id=\"table18\" width=\"100%\" border=\"0\">\n<tbody>\n<tr>\n<td width=\"1%\" valign=\"top\"><strong> <span style=\"color: #ff0000;\">&#8211;<\/span><\/strong><\/td>\n<td width=\"98%\">Setzen Sie den Notruf ab.<\/td>\n<\/tr>\n<\/tbody>\n<\/table>\n<table id=\"table19\" width=\"100%\" border=\"0\">\n<tbody>\n<tr>\n<td width=\"6%\"><\/td>\n<td width=\"8%\" valign=\"top\"><span style=\"color: #ff0000;\">Wie?<\/span><\/td>\n<td width=\"86%\"><span style=\"color: #008000;\">Wichtig sind folgende Angaben:<\/span><\/p>\n<ul>\n<li><span style=\"color: #008000;\"> <strong>Wo<\/strong> ist etwas passiert? Zum Beispiel Stra\u00dfennummer und Name, Fahrtrichtung, KM-Angabe, Besonderheiten.<\/span><\/li>\n<li><span style=\"color: #008000;\"> <strong>Was<\/strong> ist passiert? Art des Vorkommnisses, z. B. Reifenpanne, Unfall.<\/span><\/li>\n<li><span style=\"color: #008000;\"> Gibt es <strong>Verletzte<\/strong> oder Gesch\u00e4digte? Wenn ja, wie viele?<\/span><\/li>\n<li><span style=\"color: #008000;\"> <strong>Welcher<\/strong> <strong>Art<\/strong> sind die m\u00f6glichen Verletzungen? Zum Beispiel Kopfplatzwunde, Bewusstlosigkeit.<\/span><\/li>\n<li><span style=\"color: #008000;\"> <strong>Wer<\/strong> meldet das Ereignis? Eigener Name, Kennzeichen, usw.<\/span><\/li>\n<\/ul>\n<\/td>\n<\/tr>\n<\/tbody>\n<\/table>\n<table id=\"table20\" width=\"100%\" border=\"0\">\n<tbody>\n<tr>\n<td width=\"1%\" valign=\"top\"><strong> <span style=\"color: #ff0000;\">&#8211;<\/span><\/strong><\/td>\n<td width=\"98%\">Sie wollen anderen helfen.<\/td>\n<\/tr>\n<\/tbody>\n<\/table>\n<table id=\"table21\" width=\"100%\" border=\"0\">\n<tbody>\n<tr>\n<td width=\"6%\"><\/td>\n<td width=\"8%\" valign=\"top\"><span style=\"color: #ff0000;\">Wie?<\/span><\/td>\n<td width=\"86%\"><span style=\"color: #008000;\">Jeder ist zur Hilfeleistung verpflichtet. Jedoch muss die m\u00f6gliche Gefahr abgesch\u00e4tzt werden, um jemandem zu helfen: Es bringt nichts, wenn Sie anhalten und helfen wollen, aber selbst verletzt werden.<\/span><\/p>\n<ul>\n<li><span style=\"color: #008000;\">Halten Sie vor einem Pannenfahrzeug!<\/span><\/li>\n<li><span style=\"color: #008000;\">Lassen Sie alle Fahrzeuginsassen aussteigen und sich hinter die Leitplanke begeben!<\/span><\/li>\n<li><span style=\"color: #008000;\">Sichern Sie Ihr Fahrzeug ab (Warnblinkanlage, Warndreieck)!<\/span><\/li>\n<li><span style=\"color: #008000;\">F\u00fchren Sie keine Reparaturen selbst durch!<\/span><\/li>\n<li><span style=\"color: #008000;\">Achten Sie immer auf den Verkehr!<\/span><\/li>\n<li><span style=\"color: #008000;\">Halten Sie sich nicht auf der Fahrbahn auf!<\/span><\/li>\n<\/ul>\n<\/td>\n<\/tr>\n<\/tbody>\n<\/table>\n<p><span style=\"font-size: x-small;\">\u00a9 <a href=\"http:\/\/www.bvdev.de\/\" target=\"_blank\" rel=\"noopener\"> <span style=\"color: #000000;\"> Bundesverband Verkehrsdienst e.V.<\/span><\/a><\/span><\/p>\n","protected":false},"excerpt":{"rendered":"<p>Tipps zum Verhalten bei einem Unfall oder einer Panne Hier haben wir einige Tipps f\u00fcr Sie bereitgestellt, die wir f\u00fcr hilfreich erachten. &#8211; Haben Sie eine Panne oder einen Unfall, halten Sie m\u00f6glichst nicht auf der Fahrbahn! Versuchen Sie, mit dem Fahrzeug die Fahrbahn zu verlassen (z. B. Parkplatz). Auf der Autobahn empfiehlt sich eine &#8230; <a title=\"Unfallhilfe\" class=\"read-more\" href=\"https:\/\/www.vuhd.de\/?page_id=12\" aria-label=\"Mehr Informationen \u00fcber Unfallhilfe\">Weiterlesen<\/a><\/p>\n","protected":false},"author":1,"featured_media":0,"parent":0,"menu_order":5,"comment_status":"closed","ping_status":"closed","template":"","meta":{"footnotes":""},"class_list":["post-12","page","type-page","status-publish"],"_links":{"self":[{"href":"https:\/\/www.vuhd.de\/index.php?rest_route=\/wp\/v2\/pages\/12","targetHints":{"allow":["GET"]}}],"collection":[{"href":"https:\/\/www.vuhd.de\/index.php?rest_route=\/wp\/v2\/pages"}],"about":[{"href":"https:\/\/www.vuhd.de\/index.php?rest_route=\/wp\/v2\/types\/page"}],"author":[{"embeddable":true,"href":"https:\/\/www.vuhd.de\/index.php?rest_route=\/wp\/v2\/users\/1"}],"replies":[{"embeddable":true,"href":"https:\/\/www.vuhd.de\/index.php?rest_route=%2Fwp%2Fv2%2Fcomments&post=12"}],"version-history":[{"count":29,"href":"https:\/\/www.vuhd.de\/index.php?rest_route=\/wp\/v2\/pages\/12\/revisions"}],"predecessor-version":[{"id":717,"href":"https:\/\/www.vuhd.de\/index.php?rest_route=\/wp\/v2\/pages\/12\/revisions\/717"}],"wp:attachment":[{"href":"https:\/\/www.vuhd.de\/index.php?rest_route=%2Fwp%2Fv2%2Fmedia&parent=12"}],"curies":[{"name":"wp","href":"https:\/\/api.w.org\/{rel}","templated":true}]}}