{"id":22,"date":"2010-06-17T09:57:40","date_gmt":"2010-06-17T09:57:40","guid":{"rendered":"http:\/\/www.laxtest.de\/?page_id=22"},"modified":"2021-03-11T10:54:18","modified_gmt":"2021-03-11T10:54:18","slug":"start","status":"publish","type":"page","link":"https:\/\/www.vuhd.de\/","title":{"rendered":"Start"},"content":{"rendered":"<p><strong>Herzlich Willkommen auf den Internetseiten des Verkehrs<\/strong><strong>&#8211; und Unfallhilfsdienstes<\/strong><\/p>\n<p>Durch das immer st\u00e4rker werdende Verkehrsaufkommen auf unseren Stra\u00dfen geh\u00f6rt die Warnung des flie\u00dfenden Verkehrs vor Unfall-, Einsatz- oder Gefahrenstellen zu lebenswichtigen Ma\u00dfnahmen.<br \/>\nAktuellen Statistiken zufolge kommt es durch bestehende Unf\u00e4lle oftmals zu schweren Folgeunf\u00e4llen, sei es durch sogenannte &#8222;Gaffer&#8220; oder aber durch nicht oder nur unzureichende Absicherung der bestehenden Unfallstelle; zudem die Situationen, in denen Passanten Hilfe leisten wollen und selbst zu Schaden kommen durch die eben noch nicht oder schlecht kenntlich gemachten Unfallstellen.<\/p>\n<p>Hier setzt der Verkehrs- und Unfallhilfsdienst als Verein an. Mit Sicherungsfahrzeugen wird auf Staus und Unf\u00e4lle rechtzeitig und wirksam hingewiesen. So werden Gefahrenstellen entsprechend reduziert.<\/p>\n","protected":false},"excerpt":{"rendered":"<p>Herzlich Willkommen auf den Internetseiten des Verkehrs&#8211; und Unfallhilfsdienstes Durch das immer st\u00e4rker werdende Verkehrsaufkommen auf unseren Stra\u00dfen geh\u00f6rt die Warnung des flie\u00dfenden Verkehrs vor Unfall-, Einsatz- oder Gefahrenstellen zu lebenswichtigen Ma\u00dfnahmen. Aktuellen Statistiken zufolge kommt es durch bestehende Unf\u00e4lle oftmals zu schweren Folgeunf\u00e4llen, sei es durch sogenannte &#8222;Gaffer&#8220; oder aber durch nicht oder nur &#8230; <a title=\"Start\" class=\"read-more\" href=\"https:\/\/www.vuhd.de\/\" aria-label=\"Mehr Informationen \u00fcber Start\">Weiterlesen<\/a><\/p>\n","protected":false},"author":1,"featured_media":0,"parent":0,"menu_order":0,"comment_status":"closed","ping_status":"closed","template":"","meta":{"footnotes":""},"class_list":["post-22","page","type-page","status-publish"],"_links":{"self":[{"href":"https:\/\/www.vuhd.de\/index.php?rest_route=\/wp\/v2\/pages\/22","targetHints":{"allow":["GET"]}}],"collection":[{"href":"https:\/\/www.vuhd.de\/index.php?rest_route=\/wp\/v2\/pages"}],"about":[{"href":"https:\/\/www.vuhd.de\/index.php?rest_route=\/wp\/v2\/types\/page"}],"author":[{"embeddable":true,"href":"https:\/\/www.vuhd.de\/index.php?rest_route=\/wp\/v2\/users\/1"}],"replies":[{"embeddable":true,"href":"https:\/\/www.vuhd.de\/index.php?rest_route=%2Fwp%2Fv2%2Fcomments&post=22"}],"version-history":[{"count":25,"href":"https:\/\/www.vuhd.de\/index.php?rest_route=\/wp\/v2\/pages\/22\/revisions"}],"predecessor-version":[{"id":662,"href":"https:\/\/www.vuhd.de\/index.php?rest_route=\/wp\/v2\/pages\/22\/revisions\/662"}],"wp:attachment":[{"href":"https:\/\/www.vuhd.de\/index.php?rest_route=%2Fwp%2Fv2%2Fmedia&parent=22"}],"curies":[{"name":"wp","href":"https:\/\/api.w.org\/{rel}","templated":true}]}}