{"id":478,"date":"2012-08-14T16:35:54","date_gmt":"2012-08-14T16:35:54","guid":{"rendered":"http:\/\/www.vuhd.de\/?page_id=478"},"modified":"2021-03-11T08:47:08","modified_gmt":"2021-03-11T08:47:08","slug":"faq","status":"publish","type":"page","link":"https:\/\/www.vuhd.de\/?page_id=478","title":{"rendered":"FAQ"},"content":{"rendered":"<p><strong>Ist der VUHD ein e.V. ?<\/strong><br \/>\nDer VUHD ist in Form einer Interessengemeinschaft organisiert.<br \/>\nDie IG VUHD ist als Organisation Mitglied im Bundesverband Verkehrsdienst e.V.<\/p>\n<p><strong>Stellt der VUHD seinen Mitgliedern Fahrzeuge und Ausr\u00fcstungen?<\/strong><br \/>\nFahrzeuge und Ausr\u00fcstungen m\u00fcssen von den Mitgliedern auf eigene Kosten angeschafft und unterhalten werden. Es gibt keine Zusch\u00fcsse f\u00fcr Kraftstoffe und Verbrauchsmaterial.<\/p>\n<p><strong>Bin ich \u00fcber den VUHD als Mitglied versichert?<\/strong><br \/>\nEs besteht \u00fcber den VUHD keine Vereinshaftpflicht- oder Unfallversicherung.<br \/>\nUnsere Mitglieder m\u00fcssen sich, ihr Fahrzeug und ihre Ausr\u00fcstung auf eigene Kosten versichern.<br \/>\nBeachten Sie dabei auch, dass das erh\u00f6hte Risiko von Personen- und Sachsch\u00e4den im Verkehrsdienst mit Ihrer Versicherung im Vorfeld abgekl\u00e4rt wird.<br \/>\nIn einigen Bundesl\u00e4ndern sind ehrenamtliche T\u00e4tigkeiten \u00fcber die gesetzlichen Unfallversicherungen versichert. Da dies L\u00e4nderspezifische Regelungen sind, k\u00f6nnen wir dar\u00fcber aber keine konkreten Ausk\u00fcnfte geben, bitte informieren Sie sich selbst.<\/p>\n<p><strong>Vertritt mich der VUHD bei Problemen vor Gericht?<\/strong><br \/>\nDer VUHD kann seine Mitglieder im Falle einer Anzeige oder eines Gerichtsverfahrens im Zusammenhang mit den verkehrsdienstlichen T\u00e4tigkeiten nicht vertreten.<br \/>\nUnsere Mitglieder handeln im Einsatz immer eigenverantwortlich.<br \/>\nEine Rechtsschutzversicherung sollte daher vom Mitglied abgeschlossen werden.<\/p>\n<p><strong>Bekomme ich als VUHD-Mitglied eine Aufwandsentsch\u00e4digung?<\/strong><br \/>\nUnsere Mitglieder sind ehrenamtlich und unentgeltlich t\u00e4tig.<\/p>\n<p><strong>Welche Vorteile habe ich als VUHD-Mitglied?<\/strong><br \/>\nUnsere Mitglieder helfen aus \u00dcberzeugung.<br \/>\nEine Mitgliedschaft im VUHD verschafft auch keine Vorteile oder Sonderrechte im Stra\u00dfenverkehr.<\/p>\n<p><strong>Welche Mindestausr\u00fcstung muss ein Verkehrsdienstfahrzeug haben?<\/strong><br \/>\nNeben der gesetzlich vorgeschriebenen Ausr\u00fcstung mit Warnblinker, Warndreieck und Verbandskasten muss ein im Verkehrsdienst eingesetztes Fahrzeug mindestens mit einer zus\u00e4tzlichen, an die Fahrzeugelektrik angeschlossenen, Warnleuchte nach \u00a753a STVZO ausger\u00fcstet sein.<br \/>\nDies w\u00e4ren Leuchten der Baureihen H\u00e4nsch EFFEKTA Typ 06\/08\/16, EFFEKTA Comet-E und\/oder ein EFFEKTA R\u00fcckw\u00e4rtswarnsystem. Die Kosten f\u00fcr die Ausr\u00fcstung k\u00f6nnen nicht vom VUHD erstattet werden. Alle weiteren im \u00f6ffentlichen Verkehrsraum eingesetzten Warn- und Sicherungsmittel m\u00fcssen ebenfalls f\u00fcr Privatanwender zugelassen sein (KBA-Zulassung\/ABE).<br \/>\nDie Vorschriften f\u00fcr den Anbau lichttechnischer Einrichtungen an Kraftfahrzeugen sind einzuhalten.<br \/>\nF\u00fcr alle Fahrzeuginsassen muss Warnkleidung nach EN 471 zur Verf\u00fcgung stehen (mindestens Warnwesten).<\/p>\n<p><strong>Darf ich als VUHD-Mitglied mein Fahrzeug mit Blaulicht und Einsatzhorn ausr\u00fcsten?<\/strong><br \/>\nNein!<\/p>\n<p><strong>Bekomme ich als VUHD-Mitglied eine \u201eGelblicht\u201c-Genehmigung?<\/strong><br \/>\nNein, die Mitgliedschaft im VUHD berechtigt nicht zum F\u00fchren von gelben Rundumkennleuchten und\/oder Frontblitzern oder anderen Signalanlagen.<br \/>\nUnsere Mitglieder d\u00fcrfen nur nach \u00a753a STVZO zugelassene Leuchten verwenden, oder aber die Fahrzeuge haben aus anderen Gr\u00fcnden eine Genehmigung zum F\u00fchren von RKL nach STVZO.<br \/>\nDer VUHD kann hierbei keine Hilfestellung geben oder Antr\u00e4ge stellen\/unterst\u00fctzen.<\/p>\n<p><strong>Kann ich als Mitglied mein Fahrzeug als VUHD-Fahrzeug kennzeichnen?<\/strong><br \/>\nMitglieder d\u00fcrfen ihr Fahrzeug mit Nicht-Reflektierenden Aufklebern\/Beschriftungen kennzeichnen. Als Aufschriften sind VUHD, VERKEHRSDIENST, VUHD VERKEHRSDIENST oder UNFALLHILFE zu verwenden.<br \/>\nWeiterhin erlaubt sind reflektierende gelbe Seitenmarkierungen (durchgehend oder unterbrochen).<br \/>\nWarnmarkierungen nach DIN 30710 d\u00fcrfen nur mit Genehmigung der Beh\u00f6rden gef\u00fchrt werden, der VUHD kann bei der Genehmigungserteilung nicht behilflich sein.<\/p>\n<p><strong>K<\/strong><strong>ann ich als VUHD-Mitglied Dachaufsetzer ohne Beleuchtung verwenden?<\/strong><br \/>\nDachaufsetzer ohne Beleuchtung k\u00f6nnen von Mitgliedern verwendet werden.<br \/>\nAls Aufschrift k\u00f6nnen verwendet werden:<\/p>\n<p>VUHD<br \/>\nVERKEHRSDIENST<br \/>\nVUHD VERKEHRSDIENST<br \/>\nUNFALLHILFE<br \/>\nauch mit dem Zusatz IM EINSATZ m\u00f6glich.<\/p>\n<p>Der VUHD haftet generell nicht f\u00fcr Probleme, die beim Einsatz von Dachaufsetzern entstehen k\u00f6nnen. Der Einsatz von Dachaufsetzern befreit zu keiner Zeit von den Vorschriften der STVO und gew\u00e4hrt keine Sonderrechte (auch nicht beim Halten\/Parken). Beleuchtete Dachaufsetzer sind nicht zul\u00e4ssig.<\/p>\n<p><strong>Ich m\u00f6chte Mitglied im VUHD werden, habe aber bisher keine Antwort oder eine Ablehnung erhalten, welche Anspr\u00fcche auf Mitgliedschaft habe ich?<\/strong><br \/>\nDer VUHD ist in Form einer Interessengemeinschaft organisiert. Grunds\u00e4tzlich gilt auch hier, wie im Vereinsrecht:<\/p>\n<p>Mitglied kann prinzipiell jedermann werden, der die Voraussetzungen f\u00fcr eine Mitgliedschaft mitbringt, allerdings besteht kein Anspruch auf eine Aufnahme, der VUHD kann bei jedem Beitrittskandidaten frei \u00fcber die Aufnahme entscheiden und muss die Ablehnung eines Bewerbers auch nicht begr\u00fcnden. In der Satzung sind n\u00e4here Anforderungen an die Mitglieder aufgestellt.<br \/>\nWird jemand aufgenommen, obwohl er die in der Satzung aufgestellten Anforderungen nicht erf\u00fcllt, ist trotzdem eine wirksame Mitgliedschaft entstanden.<br \/>\nMitglied im VUHD k\u00f6nnen nicht nur Erwachsene, sondern auch Kinder und Jugendliche werden, hier ist aber die schriftliche Einwilligung der Eltern erforderlich. Werden Kinder und Jugendliche in den Verein aufgenommen, haben sie die gleichen Rechte und Pflichten wie die Erwachsenen, solange nicht die Satzung des Vereins f\u00fcr bestimmte \u00c4mter und T\u00e4tigkeiten ein Mindestalter vorschreibt.<br \/>\nEin Stimmrecht in der Mitgliederversammlung haben Kinder- und Jugendliche nicht.<br \/>\n<strong><br \/>\nAktuell werden die Zugangsvoraussetzungen f\u00fcr den Verkehrsdienst \u00fcberregional neu geordnet.<br \/>\nEs k\u00f6nnen daher derzeit nur Mitgliedsantr\u00e4ge von Personen aus den Bereichen Polizei, Feuerwehr und Rettungsdienst bearbeitet werden.<\/strong><\/p>\n","protected":false},"excerpt":{"rendered":"<p>Ist der VUHD ein e.V. ? Der VUHD ist in Form einer Interessengemeinschaft organisiert. Die IG VUHD ist als Organisation Mitglied im Bundesverband Verkehrsdienst e.V. Stellt der VUHD seinen Mitgliedern Fahrzeuge und Ausr\u00fcstungen? Fahrzeuge und Ausr\u00fcstungen m\u00fcssen von den Mitgliedern auf eigene Kosten angeschafft und unterhalten werden. Es gibt keine Zusch\u00fcsse f\u00fcr Kraftstoffe und Verbrauchsmaterial. &#8230; <a title=\"FAQ\" class=\"read-more\" href=\"https:\/\/www.vuhd.de\/?page_id=478\" aria-label=\"Mehr Informationen \u00fcber FAQ\">Weiterlesen<\/a><\/p>\n","protected":false},"author":1,"featured_media":0,"parent":6,"menu_order":1,"comment_status":"closed","ping_status":"closed","template":"","meta":{"footnotes":""},"class_list":["post-478","page","type-page","status-publish"],"_links":{"self":[{"href":"https:\/\/www.vuhd.de\/index.php?rest_route=\/wp\/v2\/pages\/478","targetHints":{"allow":["GET"]}}],"collection":[{"href":"https:\/\/www.vuhd.de\/index.php?rest_route=\/wp\/v2\/pages"}],"about":[{"href":"https:\/\/www.vuhd.de\/index.php?rest_route=\/wp\/v2\/types\/page"}],"author":[{"embeddable":true,"href":"https:\/\/www.vuhd.de\/index.php?rest_route=\/wp\/v2\/users\/1"}],"replies":[{"embeddable":true,"href":"https:\/\/www.vuhd.de\/index.php?rest_route=%2Fwp%2Fv2%2Fcomments&post=478"}],"version-history":[{"count":6,"href":"https:\/\/www.vuhd.de\/index.php?rest_route=\/wp\/v2\/pages\/478\/revisions"}],"predecessor-version":[{"id":597,"href":"https:\/\/www.vuhd.de\/index.php?rest_route=\/wp\/v2\/pages\/478\/revisions\/597"}],"up":[{"embeddable":true,"href":"https:\/\/www.vuhd.de\/index.php?rest_route=\/wp\/v2\/pages\/6"}],"wp:attachment":[{"href":"https:\/\/www.vuhd.de\/index.php?rest_route=%2Fwp%2Fv2%2Fmedia&parent=478"}],"curies":[{"name":"wp","href":"https:\/\/api.w.org\/{rel}","templated":true}]}}