{"id":6,"date":"2010-06-17T08:47:00","date_gmt":"2010-06-17T08:47:00","guid":{"rendered":"http:\/\/www.laxtest.de\/?page_id=6"},"modified":"2021-03-11T12:01:14","modified_gmt":"2021-03-11T12:01:14","slug":"wir-uber-uns","status":"publish","type":"page","link":"https:\/\/www.vuhd.de\/?page_id=6","title":{"rendered":"Wir \u00fcber uns"},"content":{"rendered":"<p>Unsere Aufgaben:<\/p>\n<ul>\n<li>Hilfe bei Verkehrsunf\u00e4llen,<\/li>\n<li>Absicherung von Gefahrenstellen,<\/li>\n<li>Unterst\u00fctzung bei Veranstaltungen,<\/li>\n<li>Information von Verkehrsteilnehmern.<\/li>\n<\/ul>\n<p>Bei Verkehrsunf\u00e4llen wird von den Beteiligten die Unfallstelle oft nicht ausreichend abgesichert. Gerade auf viel befahrenen Stra\u00dfen und Autobahnen f\u00fchrt das zu gef\u00e4hrlichen Situationen oder Folgeunf\u00e4llen. Hier unterst\u00fctzen wir die Unfallbeteiligten durch geeignete Fahrzeuge und Materialen bis zum Eintreffen der Kr\u00e4fte der origin\u00e4r zust\u00e4ndigen Organisationen. Auf Anforderung dieser unterst\u00fctzen wir nat\u00fcrlich auch gern weiter.<\/p>\n<p>Bei schwereren Unf\u00e4llen leisten wir Erste Hilfe, beginnen mit der Brandbek\u00e4mpfung und alarmieren gezielt nach.<\/p>\n<p>Wir leisten ausschlie\u00dflich unentgeltliche Hilfe gem\u00e4\u00df den gesetzlichen Verpflichtungen zur Hilfeleistung:<\/p>\n<p>&#8222;Wer bei Ungl\u00fccksf\u00e4llen oder gemeiner Gefahr oder Not nicht Hilfe leistet, obwohl dies erforderlich und ihm den Umst\u00e4nden nach zuzumuten, insbesondere ohne erhebliche eigene Gefahr und ohne Verletzung anderer wichtiger Pflichten m\u00f6glich ist, wird mit Freiheitsstrafe bis zu einem Jahr oder Geldstrafe bestraft&#8220; (\u00a7 323c StGB).<\/p>\n<p>Auch bei Veranstaltungen im Verkehrsbereich stehen wir organisiert \u00fcber den Bundesverband hilfreich zur Seite. Fr\u00fchzeitig in die Planung mit einbezogen, sprechen wir mit Ordnungs\u00e4mtern und den zust\u00e4ndigen Polizeidienststellen. Soweit wir die sanit\u00e4tsdienstliche Versorgung nicht allein sicherstellen k\u00f6nnen, sprechen wir uns auch hier mit den Hilfsorganisationen ab.<\/p>\n<p>W\u00e4hrend der Veranstaltung k\u00f6nnen wir vielf\u00e4ltige Aufgaben \u00fcbernehmen, wie z. B.<br \/>\nStreckensicherung, sanit\u00e4tsdienstliche Versorgung, Aufbau von Streckenstationen.<\/p>\n<p>Wir haben Mitglieder in den Bundesl\u00e4ndern Sachsen, Niedersachsen sowie Nordrhein-Westfalen und k\u00f6nnen f\u00fcr Gro\u00dfveranstaltungen \u00fcber den Bundesverband Verkehrsdienst e. V. auf weitere qualifizierte Helfer zur\u00fcckgreifen. Unsere Mitglieder stehen ebenso f\u00fcr Veranstaltungen in anderen Bereichen zur Verf\u00fcgung.<br \/>\nDer Verkehrs- und Unfallhilfsdienst ist ein nicht rechtsf\u00e4higer Verein. Durch passive Mitglieder und Sponsoren ist es uns m\u00f6glich unsere Arbeit grunds\u00e4tzlich unentgeltlich auszuf\u00fchren.<\/p>\n<p>Unsere Mitglieder werden regelm\u00e4\u00dfig in Erster Hilfe und Verkehrssicherung aus- und weitergebildet.<\/p>\n<p>Auf Informationsveranstaltungen stellen wir unsere Arbeit vor und geben Informationen zum richtigen Verhalten nach einem Unfall.<\/p>\n<p>Wir sind:<br \/>\n&#8211; <strong>kein<\/strong> Pannendienst,<br \/>\n&#8211; <strong>kein <\/strong>Abschleppdienst,<br \/>\n&#8211; <strong>kein <\/strong>Rettungsdienst,<br \/>\n&#8211; <strong>keine <\/strong>Feuerwehr,<br \/>\n&#8211; <strong>kein <\/strong>THW,<br \/>\n&#8211; <strong>kein <\/strong>Ersatz f\u00fcr Polizei oder Autobahnmeisterei.<\/p>\n<p>Und wir wollen dies auch nicht sein!<\/p>\n<p>Aktiv etwas zur Vermeidung von Unf\u00e4llen zu tun ist jedoch der Wunsch vieler unserer Mitglieder, die zu gro\u00dfen Teilen aus den Sparten Rettungsdienst, Feuerwehr, Sicherheit, Technik und Verkehr kommen. Sie haben t\u00e4glich mit dem Ergebnis von Raserei, Trunkenheit und vor allem Unsicherheit am Steuer zu tun.<\/p>\n<p>Die Arbeit unserer Mitglieder erfolgt ehrenamtlich und in der Freizeit. Anders als eine Freiwillige Feuerwehr sind unsere Mitglieder nicht per Gesetz vor einer Entlassung durch ihren Arbeitgeber gesch\u00fctzt, wenn sie ihrem Hobby w\u00e4hrend der Arbeitszeit nachgehen. Nicht jeder Arbeitgeber f\u00f6rdert das ehrenamtliche Engagement seiner Angestellten.<\/p>\n<p>Wir legen auch sehr viel Wert auf Informationsarbeit und Zusammenarbeit mit anderen Organisationen und Vereinen. So sind die meisten Verkehrs- und Unfallhilfsdienst-Vereine im Bundesverband Verkehrsdienst e.V. als Dachverband organisiert, arbeiten aber auch mit anderen Vereinen zusammen, die \u00e4hnliche Ziele verfolgen. Auch Verbindungen zu &#8222;etablierten&#8220; Hilfsorganisationen, wie z. B. dem DRK und der DLRG, bestehen und werden st\u00e4ndig aufrechterhalten. Durch eine starke Informationsarbeit wollen wir uns in der \u00d6ffentlichkeit pr\u00e4sentieren und aufzeigen, was wir machen. Dadurch wollen wir auch Transparenz in die Vereine bringen.<\/p>\n<p><span style=\"font-size: xx-small;\">\u00a9 auszugsweise vom&nbsp; <a href=\"http:\/\/www.bvdev.de\/\" target=\"_blank\" rel=\"noopener\"> <span style=\"color: #000000;\"> Bundesverband Verkehrsdienst e.V.<\/span><\/a><\/span><\/p>\n","protected":false},"excerpt":{"rendered":"<p>Unsere Aufgaben: Hilfe bei Verkehrsunf\u00e4llen, Absicherung von Gefahrenstellen, Unterst\u00fctzung bei Veranstaltungen, Information von Verkehrsteilnehmern. Bei Verkehrsunf\u00e4llen wird von den Beteiligten die Unfallstelle oft nicht ausreichend abgesichert. Gerade auf viel befahrenen Stra\u00dfen und Autobahnen f\u00fchrt das zu gef\u00e4hrlichen Situationen oder Folgeunf\u00e4llen. Hier unterst\u00fctzen wir die Unfallbeteiligten durch geeignete Fahrzeuge und Materialen bis zum Eintreffen der Kr\u00e4fte &#8230; <a title=\"Wir \u00fcber uns\" class=\"read-more\" href=\"https:\/\/www.vuhd.de\/?page_id=6\" aria-label=\"Mehr Informationen \u00fcber Wir \u00fcber uns\">Weiterlesen<\/a><\/p>\n","protected":false},"author":1,"featured_media":0,"parent":0,"menu_order":2,"comment_status":"closed","ping_status":"closed","template":"","meta":{"footnotes":""},"class_list":["post-6","page","type-page","status-publish"],"_links":{"self":[{"href":"https:\/\/www.vuhd.de\/index.php?rest_route=\/wp\/v2\/pages\/6","targetHints":{"allow":["GET"]}}],"collection":[{"href":"https:\/\/www.vuhd.de\/index.php?rest_route=\/wp\/v2\/pages"}],"about":[{"href":"https:\/\/www.vuhd.de\/index.php?rest_route=\/wp\/v2\/types\/page"}],"author":[{"embeddable":true,"href":"https:\/\/www.vuhd.de\/index.php?rest_route=\/wp\/v2\/users\/1"}],"replies":[{"embeddable":true,"href":"https:\/\/www.vuhd.de\/index.php?rest_route=%2Fwp%2Fv2%2Fcomments&post=6"}],"version-history":[{"count":14,"href":"https:\/\/www.vuhd.de\/index.php?rest_route=\/wp\/v2\/pages\/6\/revisions"}],"predecessor-version":[{"id":683,"href":"https:\/\/www.vuhd.de\/index.php?rest_route=\/wp\/v2\/pages\/6\/revisions\/683"}],"wp:attachment":[{"href":"https:\/\/www.vuhd.de\/index.php?rest_route=%2Fwp%2Fv2%2Fmedia&parent=6"}],"curies":[{"name":"wp","href":"https:\/\/api.w.org\/{rel}","templated":true}]}}